{"id":82,"date":"2025-05-13T09:19:03","date_gmt":"2025-05-13T06:19:03","guid":{"rendered":"https:\/\/dev.edikalaser.ee\/?post_type=product&#038;p=82"},"modified":"2025-05-13T09:19:46","modified_gmt":"2025-05-13T06:19:46","slug":"vaeloom-janes","status":"publish","type":"product","link":"https:\/\/dev.edikalaser.ee\/ru\/toode\/vaeloom-janes\/","title":{"rendered":"V\u00e4eloom &#171;J\u00e4nes&#187;"},"content":{"rendered":"<p>Komplektis: kummipael, karabiin, l\u00fchikirjeldus.<\/p>\n<p>Ehe on kaetud ilmastikukindla EU standarditele vastava helkiva materjaliga.<\/p>\n<p><em>Edika laser Disain. Made in Estonia.<\/em><\/p>\n<p>&nbsp;<\/p>\n","protected":false},"excerpt":{"rendered":"<p><span class=\"OYPEnA font-feature-liga-off font-feature-clig-off font-feature-calt-off text-decoration-none text-strikethrough-none\">Pimedas helkiv loom on loodud teie maagiliseks kaaslaseks. <\/span><span class=\"OYPEnA font-feature-liga-off font-feature-clig-off font-feature-calt-off text-decoration-none text-strikethrough-none\">Hingeloom rajab silla loomariiki ning jagab teiega oma v\u00f5imeid. <\/span><span class=\"OYPEnA font-feature-liga-off font-feature-clig-off font-feature-calt-off text-decoration-none text-strikethrough-none\"> Kaitseb ning saadab igap\u00e4evases elus ja on koosk\u00f5las nii teie enda kui ka teie vajadustega<\/span><\/p>\n<h3 class=\"cvGsUA direction-ltr align-center para-style-body\"><strong><span class=\"OYPEnA font-feature-liga-off font-feature-clig-off font-feature-calt-off text-decoration-none text-strikethrough-none\">J\u00e4nes<\/span><\/strong><\/h3>\n<ul>\n<li class=\"cvGsUA direction-ltr align-center para-style-body\"><em><span class=\"OYPEnA font-feature-liga-off font-feature-clig-off font-feature-calt-off text-decoration-none text-strikethrough-none\">toob ellu romantikat ja \u00f5nne<\/span><\/em><\/li>\n<li class=\"cvGsUA direction-ltr align-center para-style-body\"><em><span class=\"OYPEnA font-feature-liga-off font-feature-clig-off font-feature-calt-off text-decoration-none text-strikethrough-none\">toetab loovust<\/span><\/em><\/li>\n<li class=\"cvGsUA direction-ltr align-center para-style-body\"><em><span class=\"OYPEnA font-feature-liga-off font-feature-clig-off font-feature-calt-off text-decoration-none text-strikethrough-none\">aitab n\u00e4ha uusi v\u00f5imalusi<\/span><\/em><\/li>\n<\/ul>\n","protected":false},"featured_media":128,"comment_status":"open","ping_status":"closed","template":"","meta":{"_acf_changed":false},"product_brand":[],"product_cat":[20,19,21],"product_tag":[22,27,24],"class_list":{"0":"post-82","1":"product","2":"type-product","3":"status-publish","4":"has-post-thumbnail","6":"product_cat-helkivad-vaeloomad","7":"product_cat-helkurid","8":"product_cat-koik-tooted","9":"product_tag-helkur","10":"product_tag-janes","11":"product_tag-vaeloomad","13":"first","14":"instock","15":"shipping-taxable","16":"purchasable","17":"product-type-variable"},"acf":[],"_links":{"self":[{"href":"https:\/\/dev.edikalaser.ee\/ru\/wp-json\/wp\/v2\/product\/82","targetHints":{"allow":["GET"]}}],"collection":[{"href":"https:\/\/dev.edikalaser.ee\/ru\/wp-json\/wp\/v2\/product"}],"about":[{"href":"https:\/\/dev.edikalaser.ee\/ru\/wp-json\/wp\/v2\/types\/product"}],"replies":[{"embeddable":true,"href":"https:\/\/dev.edikalaser.ee\/ru\/wp-json\/wp\/v2\/comments?post=82"}],"wp:featuredmedia":[{"embeddable":true,"href":"https:\/\/dev.edikalaser.ee\/ru\/wp-json\/wp\/v2\/media\/128"}],"wp:attachment":[{"href":"https:\/\/dev.edikalaser.ee\/ru\/wp-json\/wp\/v2\/media?parent=82"}],"wp:term":[{"taxonomy":"product_brand","embeddable":true,"href":"https:\/\/dev.edikalaser.ee\/ru\/wp-json\/wp\/v2\/product_brand?post=82"},{"taxonomy":"product_cat","embeddable":true,"href":"https:\/\/dev.edikalaser.ee\/ru\/wp-json\/wp\/v2\/product_cat?post=82"},{"taxonomy":"product_tag","embeddable":true,"href":"https:\/\/dev.edikalaser.ee\/ru\/wp-json\/wp\/v2\/product_tag?post=82"}],"curies":[{"name":"wp","href":"https:\/\/api.w.org\/{rel}","templated":true}]}}