{"id":161,"date":"2025-05-13T09:19:46","date_gmt":"2025-05-13T06:19:46","guid":{"rendered":"https:\/\/dev.edikalaser.ee\/?post_type=product&#038;p=161"},"modified":"2025-05-13T09:20:13","modified_gmt":"2025-05-13T06:20:13","slug":"tassialused-emale","status":"publish","type":"product","link":"https:\/\/dev.edikalaser.ee\/ru\/toode\/tassialused-emale\/","title":{"rendered":"Tassialused emale"},"content":{"rendered":"<p>Naiste- ja emadep\u00e4evaks sobivate s\u00f5numitega tassialused.<\/p>\n<p>&nbsp;<\/p>\n<p>Tassialuse paksus on 3mm. T\u00f6\u00f6deldud loodusliku \u00f5liga.<\/p>\n<p><em>Edika laser Disain. Made in Estonia.<\/em><\/p>\n","protected":false},"excerpt":{"rendered":"<p>Naiste- ja emadep\u00e4evaks sobivate s\u00f5numitega tassialused. &nbsp; Tassialuse paksus on 3mm. T\u00f6\u00f6deldud loodusliku \u00f5liga. Edika laser Disain. Made in Estonia.<\/p>\n","protected":false},"featured_media":179,"comment_status":"open","ping_status":"closed","template":"","meta":{"_acf_changed":false},"product_brand":[],"product_cat":[21,28],"product_tag":[42,29,43,44],"class_list":{"0":"post-161","1":"product","2":"type-product","3":"status-publish","4":"has-post-thumbnail","6":"product_cat-koik-tooted","7":"product_cat-personaalsed-kingitused","8":"product_tag-emadepaev","9":"product_tag-motiveerivad","10":"product_tag-naistepaev","11":"product_tag-tassialus","13":"first","14":"instock","15":"shipping-taxable","16":"purchasable","17":"product-type-variable"},"acf":[],"_links":{"self":[{"href":"https:\/\/dev.edikalaser.ee\/ru\/wp-json\/wp\/v2\/product\/161","targetHints":{"allow":["GET"]}}],"collection":[{"href":"https:\/\/dev.edikalaser.ee\/ru\/wp-json\/wp\/v2\/product"}],"about":[{"href":"https:\/\/dev.edikalaser.ee\/ru\/wp-json\/wp\/v2\/types\/product"}],"replies":[{"embeddable":true,"href":"https:\/\/dev.edikalaser.ee\/ru\/wp-json\/wp\/v2\/comments?post=161"}],"wp:featuredmedia":[{"embeddable":true,"href":"https:\/\/dev.edikalaser.ee\/ru\/wp-json\/wp\/v2\/media\/179"}],"wp:attachment":[{"href":"https:\/\/dev.edikalaser.ee\/ru\/wp-json\/wp\/v2\/media?parent=161"}],"wp:term":[{"taxonomy":"product_brand","embeddable":true,"href":"https:\/\/dev.edikalaser.ee\/ru\/wp-json\/wp\/v2\/product_brand?post=161"},{"taxonomy":"product_cat","embeddable":true,"href":"https:\/\/dev.edikalaser.ee\/ru\/wp-json\/wp\/v2\/product_cat?post=161"},{"taxonomy":"product_tag","embeddable":true,"href":"https:\/\/dev.edikalaser.ee\/ru\/wp-json\/wp\/v2\/product_tag?post=161"}],"curies":[{"name":"wp","href":"https:\/\/api.w.org\/{rel}","templated":true}]}}