{"id":86,"date":"2025-05-13T09:19:03","date_gmt":"2025-05-13T06:19:03","guid":{"rendered":"https:\/\/dev.edikalaser.ee\/?post_type=product&#038;p=86"},"modified":"2025-05-13T09:19:46","modified_gmt":"2025-05-13T06:19:46","slug":"vaeloom-ookull","status":"publish","type":"product","link":"https:\/\/dev.edikalaser.ee\/en\/toode\/vaeloom-ookull\/","title":{"rendered":"V\u00e4eloom &#8220;\u00d6\u00f6kull&#8221;"},"content":{"rendered":"<p>Komplektis: kummipael, karabiin, l\u00fchikirjeldus.<\/p>\n<p>Ehe on kaetud ilmastikukindla EU standarditele vastava helkiva materjaliga.<\/p>\n<p><em>Edika laser Disain. Made in Estonia.<\/em><\/p>\n","protected":false},"excerpt":{"rendered":"<p><span class=\"OYPEnA font-feature-liga-off font-feature-clig-off font-feature-calt-off text-decoration-none text-strikethrough-none\">Pimedas helkiv loom on loodud teie maagiliseks kaaslaseks. <\/span><span class=\"OYPEnA font-feature-liga-off font-feature-clig-off font-feature-calt-off text-decoration-none text-strikethrough-none\">Hingeloom rajab silla loomariiki ning jagab teiega oma v\u00f5imeid. <\/span><span class=\"OYPEnA font-feature-liga-off font-feature-clig-off font-feature-calt-off text-decoration-none text-strikethrough-none\"> Kaitseb ning saadab igap\u00e4evases elus ja on koosk\u00f5las nii teie enda kui ka teie vajadustega<\/span><\/p>\n<h3 class=\"cvGsUA direction-ltr align-center para-style-body\"><strong><span class=\"OYPEnA font-feature-liga-off font-feature-clig-off font-feature-calt-off text-decoration-none text-strikethrough-none\">\u00d6\u00f6kull<\/span><\/strong><\/h3>\n<ul>\n<li class=\"cvGsUA direction-ltr align-center para-style-body\"><em><span class=\"OYPEnA font-feature-liga-off font-feature-clig-off font-feature-calt-off text-decoration-none text-strikethrough-none\">sisemine tarkus ja intuitsioon <\/span><\/em><\/li>\n<li class=\"cvGsUA direction-ltr align-center para-style-body\"><em><span class=\"OYPEnA font-feature-liga-off font-feature-clig-off font-feature-calt-off text-decoration-none text-strikethrough-none\">toetab suhtlemist hingede maailmaga <\/span><\/em><\/li>\n<li class=\"cvGsUA direction-ltr align-center para-style-body\"><em><span class=\"OYPEnA font-feature-liga-off font-feature-clig-off font-feature-calt-off text-decoration-none text-strikethrough-none\">aitab m\u00e4rgata valet ja salakavalust<\/span><\/em><\/li>\n<\/ul>\n<p>&nbsp;<\/p>\n","protected":false},"featured_media":148,"comment_status":"open","ping_status":"closed","template":"","meta":{"_acf_changed":false},"product_brand":[],"product_cat":[20,19,21],"product_tag":[22,26],"class_list":{"0":"post-86","1":"product","2":"type-product","3":"status-publish","4":"has-post-thumbnail","6":"product_cat-helkivad-vaeloomad","7":"product_cat-helkurid","8":"product_cat-koik-tooted","9":"product_tag-helkur","10":"product_tag-vaeloom","12":"first","13":"instock","14":"shipping-taxable","15":"purchasable","16":"product-type-variable","17":"has-default-attributes"},"acf":[],"_links":{"self":[{"href":"https:\/\/dev.edikalaser.ee\/en\/wp-json\/wp\/v2\/product\/86","targetHints":{"allow":["GET"]}}],"collection":[{"href":"https:\/\/dev.edikalaser.ee\/en\/wp-json\/wp\/v2\/product"}],"about":[{"href":"https:\/\/dev.edikalaser.ee\/en\/wp-json\/wp\/v2\/types\/product"}],"replies":[{"embeddable":true,"href":"https:\/\/dev.edikalaser.ee\/en\/wp-json\/wp\/v2\/comments?post=86"}],"wp:featuredmedia":[{"embeddable":true,"href":"https:\/\/dev.edikalaser.ee\/en\/wp-json\/wp\/v2\/media\/148"}],"wp:attachment":[{"href":"https:\/\/dev.edikalaser.ee\/en\/wp-json\/wp\/v2\/media?parent=86"}],"wp:term":[{"taxonomy":"product_brand","embeddable":true,"href":"https:\/\/dev.edikalaser.ee\/en\/wp-json\/wp\/v2\/product_brand?post=86"},{"taxonomy":"product_cat","embeddable":true,"href":"https:\/\/dev.edikalaser.ee\/en\/wp-json\/wp\/v2\/product_cat?post=86"},{"taxonomy":"product_tag","embeddable":true,"href":"https:\/\/dev.edikalaser.ee\/en\/wp-json\/wp\/v2\/product_tag?post=86"}],"curies":[{"name":"wp","href":"https:\/\/api.w.org\/{rel}","templated":true}]}}