{"id":135,"date":"2025-05-13T09:19:24","date_gmt":"2025-05-13T06:19:24","guid":{"rendered":"https:\/\/dev.edikalaser.ee\/?post_type=product&#038;p=135"},"modified":"2025-05-13T09:20:13","modified_gmt":"2025-05-13T06:20:13","slug":"motiveerivad-tassialused","status":"publish","type":"product","link":"https:\/\/dev.edikalaser.ee\/en\/toode\/motiveerivad-tassialused\/","title":{"rendered":"Motiveerivad tassialused"},"content":{"rendered":"<p>Erinevate s\u00f5numitega tassialused.<\/p>\n<p>&nbsp;<\/p>\n<p>Tassialuse paksus on 3mm. T\u00f6\u00f6deldud loodusliku \u00f5liga.<\/p>\n<p><em>Edika laser Disain. Made in Estonia.<\/em><\/p>\n","protected":false},"excerpt":{"rendered":"<p>Erinevate s\u00f5numitega tassialused. &nbsp; Tassialuse paksus on 3mm. T\u00f6\u00f6deldud loodusliku \u00f5liga. Edika laser Disain. Made in Estonia.<\/p>\n","protected":false},"featured_media":174,"comment_status":"open","ping_status":"closed","template":"","meta":{"_acf_changed":false},"product_brand":[],"product_cat":[21,28],"product_tag":[],"class_list":{"0":"post-135","1":"product","2":"type-product","3":"status-publish","4":"has-post-thumbnail","6":"product_cat-koik-tooted","7":"product_cat-personaalsed-kingitused","9":"first","10":"instock","11":"shipping-taxable","12":"purchasable","13":"product-type-variable"},"acf":[],"_links":{"self":[{"href":"https:\/\/dev.edikalaser.ee\/en\/wp-json\/wp\/v2\/product\/135","targetHints":{"allow":["GET"]}}],"collection":[{"href":"https:\/\/dev.edikalaser.ee\/en\/wp-json\/wp\/v2\/product"}],"about":[{"href":"https:\/\/dev.edikalaser.ee\/en\/wp-json\/wp\/v2\/types\/product"}],"replies":[{"embeddable":true,"href":"https:\/\/dev.edikalaser.ee\/en\/wp-json\/wp\/v2\/comments?post=135"}],"wp:featuredmedia":[{"embeddable":true,"href":"https:\/\/dev.edikalaser.ee\/en\/wp-json\/wp\/v2\/media\/174"}],"wp:attachment":[{"href":"https:\/\/dev.edikalaser.ee\/en\/wp-json\/wp\/v2\/media?parent=135"}],"wp:term":[{"taxonomy":"product_brand","embeddable":true,"href":"https:\/\/dev.edikalaser.ee\/en\/wp-json\/wp\/v2\/product_brand?post=135"},{"taxonomy":"product_cat","embeddable":true,"href":"https:\/\/dev.edikalaser.ee\/en\/wp-json\/wp\/v2\/product_cat?post=135"},{"taxonomy":"product_tag","embeddable":true,"href":"https:\/\/dev.edikalaser.ee\/en\/wp-json\/wp\/v2\/product_tag?post=135"}],"curies":[{"name":"wp","href":"https:\/\/api.w.org\/{rel}","templated":true}]}}