{"id":104,"date":"2025-05-13T09:19:04","date_gmt":"2025-05-13T06:19:04","guid":{"rendered":"https:\/\/dev.edikalaser.ee\/?post_type=product&#038;p=104"},"modified":"2025-05-13T09:20:13","modified_gmt":"2025-05-13T06:20:13","slug":"motiveerivad-votmehoidjad","status":"publish","type":"product","link":"https:\/\/dev.edikalaser.ee\/en\/toode\/motiveerivad-votmehoidjad\/","title":{"rendered":"Motiveerivad v\u00f5tmehoidjad"},"content":{"rendered":"","protected":false},"excerpt":{"rendered":"<p>Motiveerivate s\u00f5numitega puidust v\u00f5tmehoidjad <em>(paksus 3mm).<\/em><\/p>\n","protected":false},"featured_media":158,"comment_status":"open","ping_status":"closed","template":"","meta":{"_acf_changed":false},"product_brand":[],"product_cat":[21,28],"product_tag":[29,30],"class_list":{"0":"post-104","1":"product","2":"type-product","3":"status-publish","4":"has-post-thumbnail","6":"product_cat-koik-tooted","7":"product_cat-personaalsed-kingitused","8":"product_tag-motiveerivad","9":"product_tag-ole-hoitud","11":"first","12":"instock","13":"shipping-taxable","14":"purchasable","15":"product-type-variable"},"acf":[],"_links":{"self":[{"href":"https:\/\/dev.edikalaser.ee\/en\/wp-json\/wp\/v2\/product\/104","targetHints":{"allow":["GET"]}}],"collection":[{"href":"https:\/\/dev.edikalaser.ee\/en\/wp-json\/wp\/v2\/product"}],"about":[{"href":"https:\/\/dev.edikalaser.ee\/en\/wp-json\/wp\/v2\/types\/product"}],"replies":[{"embeddable":true,"href":"https:\/\/dev.edikalaser.ee\/en\/wp-json\/wp\/v2\/comments?post=104"}],"wp:featuredmedia":[{"embeddable":true,"href":"https:\/\/dev.edikalaser.ee\/en\/wp-json\/wp\/v2\/media\/158"}],"wp:attachment":[{"href":"https:\/\/dev.edikalaser.ee\/en\/wp-json\/wp\/v2\/media?parent=104"}],"wp:term":[{"taxonomy":"product_brand","embeddable":true,"href":"https:\/\/dev.edikalaser.ee\/en\/wp-json\/wp\/v2\/product_brand?post=104"},{"taxonomy":"product_cat","embeddable":true,"href":"https:\/\/dev.edikalaser.ee\/en\/wp-json\/wp\/v2\/product_cat?post=104"},{"taxonomy":"product_tag","embeddable":true,"href":"https:\/\/dev.edikalaser.ee\/en\/wp-json\/wp\/v2\/product_tag?post=104"}],"curies":[{"name":"wp","href":"https:\/\/api.w.org\/{rel}","templated":true}]}}